{"id":7,"date":"2023-03-09T22:53:29","date_gmt":"2023-03-09T21:53:29","guid":{"rendered":"https:\/\/apatin.wordcamp.org\/2023\/schedule\/"},"modified":"2023-05-04T16:55:32","modified_gmt":"2023-05-04T14:55:32","slug":"satnica","status":"publish","type":"page","link":"https:\/\/apatin.wordcamp.org\/2023\/satnica\/","title":{"rendered":"Satnica"},"content":{"rendered":"\n<p class=\"has-subtle-background-background-color has-background\">WordCamp Apatin \u0107e biti odr\u017ean u subotu, 27. i nedelju 28. maja na lokaciji <a href=\"https:\/\/apatin.wordcamp.org\/2023\/lokacija\/\" data-type=\"URL\" data-id=\"https:\/\/apatin.wordcamp.org\/2023\/lokacija\/\">Izleti\u0161ta Arka Liberland<\/a>. After Party \u017eurka planirana je za subotu ve\u010de posle prvog konferencijskog dana. <\/p>\n\n\n\n<p class=\"has-secondary-background-color has-background\">Predavanja traju 35 minuta, 30 minuta za predavanje i 5 minuta za pitanja publike. Izme\u0111u predavanja mo\u017eete da se dru\u017eite i upoznate sa ostalim u\u010desnicima i posetite \u0161tandove na\u0161ih sponzora. <\/p>\n\n\n\n<p class=\"has-text-align-center has-subtle-background-background-color has-background\"><strong>Kupite kartu na <a rel=\"noreferrer noopener\" href=\"https:\/\/apatin.wordcamp.org\/2023\/prodaja-karata\/\" data-type=\"URL\" data-id=\"https:\/\/apatin.wordcamp.org\/2023\/prodaja-karata\/\" target=\"_blank\">ovom linku<\/a>.<\/strong><\/p>\n\n\n\n<div\n\tclass=\"wp-block-wordcamp-schedule alignwide is-loading\"\n\t\tdata-attributes=\"{&quot;__isStylesPreview&quot;:false,&quot;align&quot;:&quot;wide&quot;,&quot;chooseSpecificDays&quot;:false,&quot;chosenDays&quot;:[],&quot;chooseSpecificTracks&quot;:false,&quot;chosenTrackIds&quot;:[],&quot;showCategories&quot;:true,&quot;useClientTimezone&quot;:false,&quot;className&quot;:&quot;bg-boja&quot;}\"\n>\n\tLoading&#8230;<\/div>\n\n\n\t<div class=\"email-form fav-session-email-form-hide\">\n\t\t<!-- Tab links -->\n\t\t<div class=\"fav-session-share-tab\">\n\t\t\t\t\t\t\t<div class=\"fav-session-tablinks\" id=\"fav-session-btn-email\">\n\t\t\t\t\tEmail\t\t\t\t<\/div>\n\t\t\t\n\t\t\t<div class=\"fav-session-tablinks\" id=\"fav-session-btn-link\">\n\t\t\t\tLink\t\t\t<\/div>\n\n\t\t\t<div class=\"fav-session-tablinks\" id=\"fav-session-btn-print\">\n\t\t\t\tPrint\t\t\t<\/div>\n\t\t<\/div>\n\n\t\t<!-- Tab content -->\n\t\t\t\t\t<div id=\"fav-session-tab-email\" class=\"fav-session-share-tabcontent\">\n\t\t\t\t<div id=\"fav-session-email-form\">\n\t\t\t\t\tSend me my favorite sessions:\n\t\t\t\t\t<form id=\"fav-sessions-form\">\n\t\t\t\t\t\t<input\n\t\t\t\t\t\t\ttype=\"text\"\n\t\t\t\t\t\t\tname=\"email_address\"\n\t\t\t\t\t\t\tid=\"fav-sessions-email-address\"\n\t\t\t\t\t\t\tplaceholder=\"me@protonmail.com\"\n\t\t\t\t\t\t\/>\n\t\t\t\t\t\t<input type=\"submit\" value=\"Send\" \/>\n\t\t\t\t\t<\/form>\n\t\t\t\t<\/div>\n\n\t\t\t\t<div class=\"fav-session-email-wait-spinner\"><\/div>\n\t\t\t\t<div class=\"fav-session-email-result\"><\/div>\n\t\t\t<\/div>\n\t\t\n\t\t<div id=\"fav-session-tab-link\" class=\"fav-session-share-tabcontent\">\n\t\t\tShareable link:\t\t\t<br \/>\n\t\t\t<a id=\"fav-sessions-link\" href=\"\"><\/a>\n\t\t<\/div>\n\n\t\t<div id=\"fav-session-tab-print\" class=\"fav-session-share-tabcontent\">\n\t\t\t<button id=\"fav-session-print\">\n\t\t\t\tPrint favorite sessions\t\t\t<\/button>\n\t\t<\/div>\n\t<\/div>\n\n\t<a class=\"show-email-form\" href=\"javascript:\">\n\t\t<span class=\"dashicons dashicons-star-filled\"><\/span>\n\t\t<span class=\"dashicons dashicons-email-alt\"><\/span>\n\t<\/a>\n\n\t","protected":false},"excerpt":{"rendered":"<p>WordCamp Apatin \u0107e biti odr\u017ean u subotu, 27. i nedelju 28. maja na lokaciji Izleti\u0161ta Arka Liberland. After Party \u017eurka planirana je za subotu ve\u010de posle prvog konferencijskog dana. Predavanja traju 35 minuta, 30 minuta za predavanje i 5 minuta za pitanja publike. Izme\u0111u predavanja mo\u017eete da se dru\u017eite i upoznate sa ostalim u\u010desnicima i [&hellip;]<\/p>\n","protected":false},"author":15505676,"featured_media":882,"parent":0,"menu_order":0,"comment_status":"closed","ping_status":"closed","template":"","meta":{"jetpack_post_was_ever_published":false,"footnotes":""},"class_list":["post-7","page","type-page","status-publish","has-post-thumbnail","hentry"],"jetpack_sharing_enabled":true,"_links":{"self":[{"href":"https:\/\/apatin.wordcamp.org\/2023\/wp-json\/wp\/v2\/pages\/7","targetHints":{"allow":["GET"]}}],"collection":[{"href":"https:\/\/apatin.wordcamp.org\/2023\/wp-json\/wp\/v2\/pages"}],"about":[{"href":"https:\/\/apatin.wordcamp.org\/2023\/wp-json\/wp\/v2\/types\/page"}],"author":[{"embeddable":true,"href":"https:\/\/apatin.wordcamp.org\/2023\/wp-json\/wp\/v2\/users\/15505676"}],"replies":[{"embeddable":true,"href":"https:\/\/apatin.wordcamp.org\/2023\/wp-json\/wp\/v2\/comments?post=7"}],"version-history":[{"count":15,"href":"https:\/\/apatin.wordcamp.org\/2023\/wp-json\/wp\/v2\/pages\/7\/revisions"}],"predecessor-version":[{"id":1411,"href":"https:\/\/apatin.wordcamp.org\/2023\/wp-json\/wp\/v2\/pages\/7\/revisions\/1411"}],"wp:featuredmedia":[{"embeddable":true,"href":"https:\/\/apatin.wordcamp.org\/2023\/wp-json\/wp\/v2\/media\/882"}],"wp:attachment":[{"href":"https:\/\/apatin.wordcamp.org\/2023\/wp-json\/wp\/v2\/media?parent=7"}],"curies":[{"name":"wp","href":"https:\/\/api.w.org\/{rel}","templated":true}]}}