{"id":671,"date":"2023-03-29T07:10:09","date_gmt":"2023-03-29T05:10:09","guid":{"rendered":"https:\/\/apatin.wordcamp.org\/2023\/?page_id=671"},"modified":"2023-04-05T09:44:32","modified_gmt":"2023-04-05T07:44:32","slug":"upoznajte-apatin","status":"publish","type":"page","link":"https:\/\/apatin.wordcamp.org\/2023\/upoznajte-apatin\/","title":{"rendered":"Upoznajte Apatin"},"content":{"rendered":"\n<p><strong>Apatin<\/strong> je mesto koje pleni svojom lepotom i veliki deo svoje rasko\u0161ne lepote (nismo subjektivni, smeh) duguje svom geografskom polo\u017eaju i lokaciji na obali <strong>Dunava <\/strong>i rezervatu prirode &#8220;<strong><a rel=\"noreferrer noopener\" href=\"https:\/\/www.vojvodinasume.rs\/zastita-zivotne-sredine\/gornje-podunavlje\/\" data-type=\"URL\" data-id=\"https:\/\/www.vojvodinasume.rs\/zastita-zivotne-sredine\/gornje-podunavlje\/\" target=\"_blank\">Gornje podunavlje<\/a><\/strong>&#8220;. Nazivaju ga jo\u0161 i <strong>Amazon of Europe<\/strong> zbog \u0161uma kojima je okru\u017een i mno\u0161tva biljnog i \u017eivotinjskog sveta. Sve ovo zapravo ukazuje na brojne rekreativne i turisti\u010dke kapacitete na\u0161eg malog mesta.<\/p>\n\n\n\n<hr class=\"wp-block-separator has-alpha-channel-opacity\" \/>\n\n\n\n<p>Apatin je poznat po <strong><a rel=\"noreferrer noopener\" href=\"https:\/\/apatinskapivara.rs\/\" data-type=\"URL\" data-id=\"https:\/\/apatinskapivara.rs\/\" target=\"_blank\">pivarskoj industriji<\/a><\/strong> (nadaleko poznata Apatinska pivara i njeno pivo Jelen), nekada jako industrijsko naselje koje je u svom <strong><a rel=\"noreferrer noopener\" href=\"https:\/\/www.shipyardapatin.com\/\" data-type=\"URL\" data-id=\"https:\/\/www.shipyardapatin.com\/\" target=\"_blank\">Brodogradili\u0161tu<\/a><\/strong> proizvodilo velike preko okeanske brodove. Imao je Apatin celu industrijsku zonu,no posledice 90ih su dovele do ga\u0161enja tih fabrika. Kao i u drugim manjim mestima zastupljena je ta migracija u velike gradske centre pre svega Novi Sad i Beograd i nekako je turisti\u010dki aspekt grada u\u0161ao u prvi plan. A na\u0161 cilj je da podstaknemo mlade da spoznaju mogu\u0107nosti koje im omogu\u0107uju \u017eivot u Apatinu i <em><strong>rad na daljinu za klijente \u0161irom sveta<\/strong><\/em>. <\/p>\n\n\n\n<p>WordPress sa svim onim \u0161to dolazi uz njega i posle njega je odli\u010dan na\u010din da <strong><em>\u017eivite lokalno, a radite globalno<\/em><\/strong>, \u0161to je i geslo poznate konferencije u Vr\u0161cu nadaleko poznate kao <strong><a rel=\"noreferrer noopener\" href=\"https:\/\/wwvrsac.rs\/\" data-type=\"URL\" data-id=\"https:\/\/wwvrsac.rs\/\" target=\"_blank\">WWVr\u0161ac<\/a><\/strong>. Sam grad Vr\u0161ac je tako\u0111e veoma sna\u017eno WordPress upori\u0161te \ud83d\ude42 \u010dije perjanice <strong>Aleksandar Pasku i \u017diva Milo\u0161evi\u0107<\/strong> mnogo poma\u017eu svom gradu, tim primerom i parelelom i mi se trudimo da pomognemo Apatinu u razvoju boljih mogu\u0107nosti i perspektiva za mlade, jer mladi su najve\u0107a vrednost i sila koja pokre\u0107e stvari.<\/p>\n\n\n\n<p>Na\u0161a ideja je da organizovanjem Meetupa i sada i WordCamp-a zapravo uka\u017eemo na mogu\u0107nosti i pre svega prednosti ostanka i \u017eivota i rada u sredini kao Apatin. Digitalni nomadi iz celo sveta zapravo gravitiraju i zadr\u017eavaju se u sredinama koje imaju sna\u017ene turisti\u010dke potencijale kao Apatin. Kada do\u0111ete u Apatin mo\u017eete da \u0161etate i to \u0107e biti nezaboravno, ali i da vozite bicikl, kajak, da plivate i leti i zimi. Jer pored Dunava imamo i <strong><a href=\"https:\/\/banja-junakovic.rs\/\" data-type=\"URL\" data-id=\"https:\/\/banja-junakovic.rs\/\" target=\"_blank\" rel=\"noreferrer noopener\">Banju Junakovi\u0107<\/a><\/strong> na svega 3km od grada. <\/p>\n\n\n\n<p>Mo\u017eete da se o mnogim stvarima dodatno informi\u0161ete i na veb sajtu <strong><a href=\"https:\/\/www.apatin.org.rs\/\" data-type=\"URL\" data-id=\"https:\/\/www.apatin.org.rs\/\" target=\"_blank\" rel=\"noreferrer noopener\">Turisti\u010dke organizavije Apatina<\/a><\/strong>.<\/p>\n\n\n\n<h4 class=\"wp-block-heading\">Galerija fotografija i panorame Apatina<\/h4>\n\n\n\n<p>Veliko hvala <strong>Apa Sky (Nenadu \u0110or\u0111evi\u0107u)<\/strong> na ovim divnim fotografijama na\u0161eg grada \ud83d\ude42<\/p>\n\n\n\n<p>Linkovi: <strong><a href=\"https:\/\/www.facebook.com\/profile.php?id=100057556545624\" data-type=\"URL\" data-id=\"https:\/\/www.facebook.com\/profile.php?id=100057556545624\">Facebook<\/a><\/strong> i <strong><a rel=\"noreferrer noopener\" href=\"https:\/\/www.instagram.com\/apa_sky\/\" data-type=\"URL\" data-id=\"https:\/\/www.instagram.com\/apa_sky\/\" target=\"_blank\">Instagram<\/a><\/strong>.<\/p>\n\n\n\n<div class=\"wp-block-jetpack-tiled-gallery alignwide is-style-rectangular\"><div class=\"tiled-gallery__gallery\"><div class=\"tiled-gallery__row\"><div class=\"tiled-gallery__col\" style=\"flex-basis:68.51561%\"><figure class=\"tiled-gallery__item\"><img decoding=\"async\" srcset=\"https:\/\/i1.wp.com\/apatin.wordcamp.org\/2023\/files\/2023\/03\/apa1-1024x768.jpg?strip=info&#038;w=600&#038;ssl=1 600w,https:\/\/i1.wp.com\/apatin.wordcamp.org\/2023\/files\/2023\/03\/apa1-1024x768.jpg?strip=info&#038;w=900&#038;ssl=1 900w,https:\/\/i1.wp.com\/apatin.wordcamp.org\/2023\/files\/2023\/03\/apa1-1024x768.jpg?strip=info&#038;w=1200&#038;ssl=1 1200w,https:\/\/i1.wp.com\/apatin.wordcamp.org\/2023\/files\/2023\/03\/apa1-1024x768.jpg?strip=info&#038;w=1280&#038;ssl=1 1280w\" alt=\"\" data-height=\"960\" data-id=\"692\" data-link=\"https:\/\/apatin.wordcamp.org\/2023\/upoznajte-apatin\/apa1\/\" data-url=\"https:\/\/apatin.wordcamp.org\/2023\/files\/2023\/03\/apa1-1024x768.jpg\" data-width=\"1280\" src=\"https:\/\/i1.wp.com\/apatin.wordcamp.org\/2023\/files\/2023\/03\/apa1-1024x768.jpg?ssl=1\" data-amp-layout=\"responsive\" \/><\/figure><\/div><div class=\"tiled-gallery__col\" style=\"flex-basis:31.48439%\"><figure class=\"tiled-gallery__item\"><img decoding=\"async\" srcset=\"https:\/\/i2.wp.com\/apatin.wordcamp.org\/2023\/files\/2023\/03\/apa2-1024x848.jpg?strip=info&#038;w=600&#038;ssl=1 600w,https:\/\/i2.wp.com\/apatin.wordcamp.org\/2023\/files\/2023\/03\/apa2-1024x848.jpg?strip=info&#038;w=900&#038;ssl=1 900w,https:\/\/i2.wp.com\/apatin.wordcamp.org\/2023\/files\/2023\/03\/apa2-1024x848.jpg?strip=info&#038;w=1200&#038;ssl=1 1200w,https:\/\/i2.wp.com\/apatin.wordcamp.org\/2023\/files\/2023\/03\/apa2-1024x848.jpg?strip=info&#038;w=1440&#038;ssl=1 1440w\" alt=\"\" data-height=\"1193\" data-id=\"693\" data-link=\"https:\/\/apatin.wordcamp.org\/2023\/upoznajte-apatin\/apa2\/\" data-url=\"https:\/\/apatin.wordcamp.org\/2023\/files\/2023\/03\/apa2-1024x848.jpg\" data-width=\"1440\" src=\"https:\/\/i2.wp.com\/apatin.wordcamp.org\/2023\/files\/2023\/03\/apa2-1024x848.jpg?ssl=1\" data-amp-layout=\"responsive\" \/><\/figure><figure class=\"tiled-gallery__item\"><img decoding=\"async\" srcset=\"https:\/\/i0.wp.com\/apatin.wordcamp.org\/2023\/files\/2023\/03\/apa3-1024x818.jpg?strip=info&#038;w=600&#038;ssl=1 600w,https:\/\/i0.wp.com\/apatin.wordcamp.org\/2023\/files\/2023\/03\/apa3-1024x818.jpg?strip=info&#038;w=900&#038;ssl=1 900w,https:\/\/i0.wp.com\/apatin.wordcamp.org\/2023\/files\/2023\/03\/apa3-1024x818.jpg?strip=info&#038;w=1200&#038;ssl=1 1200w,https:\/\/i0.wp.com\/apatin.wordcamp.org\/2023\/files\/2023\/03\/apa3-1024x818.jpg?strip=info&#038;w=1440&#038;ssl=1 1440w\" alt=\"\" data-height=\"1150\" data-id=\"694\" data-link=\"https:\/\/apatin.wordcamp.org\/2023\/upoznajte-apatin\/apa3\/\" data-url=\"https:\/\/apatin.wordcamp.org\/2023\/files\/2023\/03\/apa3-1024x818.jpg\" data-width=\"1440\" src=\"https:\/\/i0.wp.com\/apatin.wordcamp.org\/2023\/files\/2023\/03\/apa3-1024x818.jpg?ssl=1\" data-amp-layout=\"responsive\" \/><\/figure><\/div><\/div><div class=\"tiled-gallery__row\"><div class=\"tiled-gallery__col\" style=\"flex-basis:31.87718%\"><figure class=\"tiled-gallery__item\"><img decoding=\"async\" srcset=\"https:\/\/i0.wp.com\/apatin.wordcamp.org\/2023\/files\/2023\/03\/apa4-1024x1024.jpg?strip=info&#038;w=600&#038;ssl=1 600w,https:\/\/i0.wp.com\/apatin.wordcamp.org\/2023\/files\/2023\/03\/apa4-1024x1024.jpg?strip=info&#038;w=900&#038;ssl=1 900w,https:\/\/i0.wp.com\/apatin.wordcamp.org\/2023\/files\/2023\/03\/apa4-1024x1024.jpg?strip=info&#038;w=1200&#038;ssl=1 1200w,https:\/\/i0.wp.com\/apatin.wordcamp.org\/2023\/files\/2023\/03\/apa4-1024x1024.jpg?strip=info&#038;w=1440&#038;ssl=1 1440w\" alt=\"\" data-height=\"1440\" data-id=\"695\" data-link=\"https:\/\/apatin.wordcamp.org\/2023\/upoznajte-apatin\/apa4\/\" data-url=\"https:\/\/apatin.wordcamp.org\/2023\/files\/2023\/03\/apa4-1024x1024.jpg\" data-width=\"1440\" src=\"https:\/\/i0.wp.com\/apatin.wordcamp.org\/2023\/files\/2023\/03\/apa4-1024x1024.jpg?ssl=1\" data-amp-layout=\"responsive\" \/><\/figure><\/div><div class=\"tiled-gallery__col\" style=\"flex-basis:31.87718%\"><figure class=\"tiled-gallery__item\"><img decoding=\"async\" srcset=\"https:\/\/i0.wp.com\/apatin.wordcamp.org\/2023\/files\/2023\/03\/apa5-1024x1024.jpg?strip=info&#038;w=600&#038;ssl=1 600w,https:\/\/i0.wp.com\/apatin.wordcamp.org\/2023\/files\/2023\/03\/apa5-1024x1024.jpg?strip=info&#038;w=900&#038;ssl=1 900w,https:\/\/i0.wp.com\/apatin.wordcamp.org\/2023\/files\/2023\/03\/apa5-1024x1024.jpg?strip=info&#038;w=1200&#038;ssl=1 1200w,https:\/\/i0.wp.com\/apatin.wordcamp.org\/2023\/files\/2023\/03\/apa5-1024x1024.jpg?strip=info&#038;w=1440&#038;ssl=1 1440w\" alt=\"\" data-height=\"1440\" data-id=\"696\" data-link=\"https:\/\/apatin.wordcamp.org\/2023\/upoznajte-apatin\/apa5\/\" data-url=\"https:\/\/apatin.wordcamp.org\/2023\/files\/2023\/03\/apa5-1024x1024.jpg\" data-width=\"1440\" src=\"https:\/\/i0.wp.com\/apatin.wordcamp.org\/2023\/files\/2023\/03\/apa5-1024x1024.jpg?ssl=1\" data-amp-layout=\"responsive\" \/><\/figure><\/div><div class=\"tiled-gallery__col\" style=\"flex-basis:36.24565%\"><figure class=\"tiled-gallery__item\"><img decoding=\"async\" srcset=\"https:\/\/i1.wp.com\/apatin.wordcamp.org\/2023\/files\/2023\/03\/apa6-1024x900.jpg?strip=info&#038;w=600&#038;ssl=1 600w,https:\/\/i1.wp.com\/apatin.wordcamp.org\/2023\/files\/2023\/03\/apa6-1024x900.jpg?strip=info&#038;w=900&#038;ssl=1 900w,https:\/\/i1.wp.com\/apatin.wordcamp.org\/2023\/files\/2023\/03\/apa6-1024x900.jpg?strip=info&#038;w=1200&#038;ssl=1 1200w,https:\/\/i1.wp.com\/apatin.wordcamp.org\/2023\/files\/2023\/03\/apa6-1024x900.jpg?strip=info&#038;w=1440&#038;ssl=1 1440w\" alt=\"\" data-height=\"1266\" data-id=\"697\" data-link=\"https:\/\/apatin.wordcamp.org\/2023\/upoznajte-apatin\/apa6\/\" data-url=\"https:\/\/apatin.wordcamp.org\/2023\/files\/2023\/03\/apa6-1024x900.jpg\" data-width=\"1440\" src=\"https:\/\/i1.wp.com\/apatin.wordcamp.org\/2023\/files\/2023\/03\/apa6-1024x900.jpg?ssl=1\" data-amp-layout=\"responsive\" \/><\/figure><\/div><\/div><div class=\"tiled-gallery__row\"><div class=\"tiled-gallery__col\" style=\"flex-basis:33.32821%\"><figure class=\"tiled-gallery__item\"><img decoding=\"async\" srcset=\"https:\/\/i1.wp.com\/apatin.wordcamp.org\/2023\/files\/2023\/03\/apa7-1024x1019.jpg?strip=info&#038;w=600&#038;ssl=1 600w,https:\/\/i1.wp.com\/apatin.wordcamp.org\/2023\/files\/2023\/03\/apa7-1024x1019.jpg?strip=info&#038;w=900&#038;ssl=1 900w,https:\/\/i1.wp.com\/apatin.wordcamp.org\/2023\/files\/2023\/03\/apa7-1024x1019.jpg?strip=info&#038;w=1200&#038;ssl=1 1200w,https:\/\/i1.wp.com\/apatin.wordcamp.org\/2023\/files\/2023\/03\/apa7-1024x1019.jpg?strip=info&#038;w=1440&#038;ssl=1 1440w\" alt=\"\" data-height=\"1433\" data-id=\"698\" data-link=\"https:\/\/apatin.wordcamp.org\/2023\/upoznajte-apatin\/apa7\/\" data-url=\"https:\/\/apatin.wordcamp.org\/2023\/files\/2023\/03\/apa7-1024x1019.jpg\" data-width=\"1440\" src=\"https:\/\/i1.wp.com\/apatin.wordcamp.org\/2023\/files\/2023\/03\/apa7-1024x1019.jpg?ssl=1\" data-amp-layout=\"responsive\" \/><\/figure><figure class=\"tiled-gallery__item\"><img decoding=\"async\" srcset=\"https:\/\/i0.wp.com\/apatin.wordcamp.org\/2023\/files\/2023\/03\/apa8-1024x1024.jpg?strip=info&#038;w=600&#038;ssl=1 600w,https:\/\/i0.wp.com\/apatin.wordcamp.org\/2023\/files\/2023\/03\/apa8-1024x1024.jpg?strip=info&#038;w=900&#038;ssl=1 900w,https:\/\/i0.wp.com\/apatin.wordcamp.org\/2023\/files\/2023\/03\/apa8-1024x1024.jpg?strip=info&#038;w=1200&#038;ssl=1 1200w,https:\/\/i0.wp.com\/apatin.wordcamp.org\/2023\/files\/2023\/03\/apa8-1024x1024.jpg?strip=info&#038;w=1440&#038;ssl=1 1440w\" alt=\"\" data-height=\"1440\" data-id=\"699\" data-link=\"https:\/\/apatin.wordcamp.org\/2023\/upoznajte-apatin\/apa8\/\" data-url=\"https:\/\/apatin.wordcamp.org\/2023\/files\/2023\/03\/apa8-1024x1024.jpg\" data-width=\"1440\" src=\"https:\/\/i0.wp.com\/apatin.wordcamp.org\/2023\/files\/2023\/03\/apa8-1024x1024.jpg?ssl=1\" data-amp-layout=\"responsive\" \/><\/figure><\/div><div class=\"tiled-gallery__col\" style=\"flex-basis:66.67179%\"><figure class=\"tiled-gallery__item\"><img decoding=\"async\" srcset=\"https:\/\/i0.wp.com\/apatin.wordcamp.org\/2023\/files\/2023\/03\/apa9-1024x1024.jpg?strip=info&#038;w=600&#038;ssl=1 600w,https:\/\/i0.wp.com\/apatin.wordcamp.org\/2023\/files\/2023\/03\/apa9-1024x1024.jpg?strip=info&#038;w=900&#038;ssl=1 900w,https:\/\/i0.wp.com\/apatin.wordcamp.org\/2023\/files\/2023\/03\/apa9-1024x1024.jpg?strip=info&#038;w=1080&#038;ssl=1 1080w\" alt=\"\" data-height=\"1080\" data-id=\"700\" data-link=\"https:\/\/apatin.wordcamp.org\/2023\/upoznajte-apatin\/apa9\/\" data-url=\"https:\/\/apatin.wordcamp.org\/2023\/files\/2023\/03\/apa9-1024x1024.jpg\" data-width=\"1080\" src=\"https:\/\/i0.wp.com\/apatin.wordcamp.org\/2023\/files\/2023\/03\/apa9-1024x1024.jpg?ssl=1\" data-amp-layout=\"responsive\" \/><\/figure><\/div><\/div><div class=\"tiled-gallery__row\"><div class=\"tiled-gallery__col\" style=\"flex-basis:23.08434%\"><figure class=\"tiled-gallery__item\"><img decoding=\"async\" srcset=\"https:\/\/i2.wp.com\/apatin.wordcamp.org\/2023\/files\/2023\/03\/apa10-1024x1024.jpg?strip=info&#038;w=600&#038;ssl=1 600w,https:\/\/i2.wp.com\/apatin.wordcamp.org\/2023\/files\/2023\/03\/apa10-1024x1024.jpg?strip=info&#038;w=900&#038;ssl=1 900w,https:\/\/i2.wp.com\/apatin.wordcamp.org\/2023\/files\/2023\/03\/apa10-1024x1024.jpg?strip=info&#038;w=1080&#038;ssl=1 1080w\" alt=\"\" data-height=\"1080\" data-id=\"701\" data-link=\"https:\/\/apatin.wordcamp.org\/2023\/upoznajte-apatin\/apa10\/\" data-url=\"https:\/\/apatin.wordcamp.org\/2023\/files\/2023\/03\/apa10-1024x1024.jpg\" data-width=\"1080\" src=\"https:\/\/i2.wp.com\/apatin.wordcamp.org\/2023\/files\/2023\/03\/apa10-1024x1024.jpg?ssl=1\" data-amp-layout=\"responsive\" \/><\/figure><\/div><div class=\"tiled-gallery__col\" style=\"flex-basis:30.74697%\"><figure class=\"tiled-gallery__item\"><img decoding=\"async\" srcset=\"https:\/\/i0.wp.com\/apatin.wordcamp.org\/2023\/files\/2023\/03\/apa13-1024x768.jpg?strip=info&#038;w=600&#038;ssl=1 600w,https:\/\/i0.wp.com\/apatin.wordcamp.org\/2023\/files\/2023\/03\/apa13-1024x768.jpg?strip=info&#038;w=900&#038;ssl=1 900w,https:\/\/i0.wp.com\/apatin.wordcamp.org\/2023\/files\/2023\/03\/apa13-1024x768.jpg?strip=info&#038;w=1200&#038;ssl=1 1200w\" alt=\"\" data-height=\"900\" data-id=\"702\" data-link=\"https:\/\/apatin.wordcamp.org\/2023\/upoznajte-apatin\/apa13\/\" data-url=\"https:\/\/apatin.wordcamp.org\/2023\/files\/2023\/03\/apa13-1024x768.jpg\" data-width=\"1200\" src=\"https:\/\/i0.wp.com\/apatin.wordcamp.org\/2023\/files\/2023\/03\/apa13-1024x768.jpg?ssl=1\" data-amp-layout=\"responsive\" \/><\/figure><\/div><div class=\"tiled-gallery__col\" style=\"flex-basis:23.08434%\"><figure class=\"tiled-gallery__item\"><img decoding=\"async\" srcset=\"https:\/\/i0.wp.com\/apatin.wordcamp.org\/2023\/files\/2023\/03\/apa15.jpg?strip=info&#038;w=600&#038;ssl=1 600w,https:\/\/i0.wp.com\/apatin.wordcamp.org\/2023\/files\/2023\/03\/apa15.jpg?strip=info&#038;w=720&#038;ssl=1 720w\" alt=\"\" data-height=\"720\" data-id=\"703\" data-link=\"https:\/\/apatin.wordcamp.org\/2023\/upoznajte-apatin\/apa15\/\" data-url=\"https:\/\/apatin.wordcamp.org\/2023\/files\/2023\/03\/apa15.jpg\" data-width=\"720\" src=\"https:\/\/i0.wp.com\/apatin.wordcamp.org\/2023\/files\/2023\/03\/apa15.jpg?ssl=1\" data-amp-layout=\"responsive\" \/><\/figure><\/div><div class=\"tiled-gallery__col\" style=\"flex-basis:23.08434%\"><figure class=\"tiled-gallery__item\"><img decoding=\"async\" srcset=\"https:\/\/i1.wp.com\/apatin.wordcamp.org\/2023\/files\/2023\/03\/apa16.jpg?strip=info&#038;w=600&#038;ssl=1 600w,https:\/\/i1.wp.com\/apatin.wordcamp.org\/2023\/files\/2023\/03\/apa16.jpg?strip=info&#038;w=862&#038;ssl=1 862w\" alt=\"\" data-height=\"862\" data-id=\"704\" data-link=\"https:\/\/apatin.wordcamp.org\/2023\/upoznajte-apatin\/apa16\/\" data-url=\"https:\/\/apatin.wordcamp.org\/2023\/files\/2023\/03\/apa16.jpg\" data-width=\"862\" src=\"https:\/\/i1.wp.com\/apatin.wordcamp.org\/2023\/files\/2023\/03\/apa16.jpg?ssl=1\" data-amp-layout=\"responsive\" \/><\/figure><\/div><\/div><\/div><\/div>\n","protected":false},"excerpt":{"rendered":"<p>Apatin je mesto koje pleni svojom lepotom i veliki deo svoje rasko\u0161ne lepote (nismo subjektivni, smeh) duguje svom geografskom polo\u017eaju i lokaciji na obali Dunava i rezervatu prirode &#8220;Gornje podunavlje&#8220;. Nazivaju ga jo\u0161 i Amazon of Europe zbog \u0161uma kojima je okru\u017een i mno\u0161tva biljnog i \u017eivotinjskog sveta. Sve ovo zapravo ukazuje na brojne rekreativne [&hellip;]<\/p>\n","protected":false},"author":15505676,"featured_media":676,"parent":0,"menu_order":0,"comment_status":"closed","ping_status":"closed","template":"","meta":{"jetpack_post_was_ever_published":false,"footnotes":""},"class_list":["post-671","page","type-page","status-publish","has-post-thumbnail","hentry"],"jetpack_sharing_enabled":true,"_links":{"self":[{"href":"https:\/\/apatin.wordcamp.org\/2023\/wp-json\/wp\/v2\/pages\/671","targetHints":{"allow":["GET"]}}],"collection":[{"href":"https:\/\/apatin.wordcamp.org\/2023\/wp-json\/wp\/v2\/pages"}],"about":[{"href":"https:\/\/apatin.wordcamp.org\/2023\/wp-json\/wp\/v2\/types\/page"}],"author":[{"embeddable":true,"href":"https:\/\/apatin.wordcamp.org\/2023\/wp-json\/wp\/v2\/users\/15505676"}],"replies":[{"embeddable":true,"href":"https:\/\/apatin.wordcamp.org\/2023\/wp-json\/wp\/v2\/comments?post=671"}],"version-history":[{"count":10,"href":"https:\/\/apatin.wordcamp.org\/2023\/wp-json\/wp\/v2\/pages\/671\/revisions"}],"predecessor-version":[{"id":904,"href":"https:\/\/apatin.wordcamp.org\/2023\/wp-json\/wp\/v2\/pages\/671\/revisions\/904"}],"wp:featuredmedia":[{"embeddable":true,"href":"https:\/\/apatin.wordcamp.org\/2023\/wp-json\/wp\/v2\/media\/676"}],"wp:attachment":[{"href":"https:\/\/apatin.wordcamp.org\/2023\/wp-json\/wp\/v2\/media?parent=671"}],"curies":[{"name":"wp","href":"https:\/\/api.w.org\/{rel}","templated":true}]}}