{"id":465,"date":"2023-03-28T13:21:49","date_gmt":"2023-03-28T11:21:49","guid":{"rendered":"https:\/\/apatin.wordcamp.org\/2023\/?page_id=465"},"modified":"2023-05-15T07:12:45","modified_gmt":"2023-05-15T05:12:45","slug":"lokacija","status":"publish","type":"page","link":"https:\/\/apatin.wordcamp.org\/2023\/lokacija\/","title":{"rendered":"Lokacija"},"content":{"rendered":"\n<p><\/p>\n\n\n\n<p><\/p>\n\n\n\n<p><\/p>\n\n\n\n<p><strong>Lokacija WordCamp-a je prelep kompleks izleti\u0161ta <a href=\"https:\/\/visit.ll.land\/\" data-type=\"URL\" data-id=\"https:\/\/visit.ll.land\/\">Arka Liberland Apatin<\/a><\/strong>. Pored glavnog objekta i sme\u0161tajnih kapaciteta gde \u0107e biti sme\u0161teni predava\u010di nalazi se jezero gde \u0107ete mo\u0107i da se opustite i u\u017eivate u zadivljuju\u0107oj lepoti rezervata prirode \u201cGornje Podunavlje\u201d.<\/p>\n\n\n\n<h4 class=\"wp-block-heading\">Pogledajte kako izgleda izleti\u0161te Arka Liberland<\/h4>\n\n\n\n<figure class=\"wp-block-embed is-type-video is-provider-youtube wp-block-embed-youtube wp-embed-aspect-16-9 wp-has-aspect-ratio\"><div class=\"wp-block-embed__wrapper\">\n<span class=\"embed-youtube\" style=\"text-align:center; display: block;\"><iframe loading=\"lazy\" class=\"youtube-player\" width=\"580\" height=\"327\" src=\"https:\/\/www.youtube.com\/embed\/1s4qzJWJRjo?version=3&#038;rel=1&#038;showsearch=0&#038;showinfo=1&#038;iv_load_policy=1&#038;fs=1&#038;hl=en-US&#038;autohide=2&#038;wmode=transparent\" allowfullscreen=\"true\" style=\"border:0;\" sandbox=\"allow-scripts allow-same-origin allow-popups allow-presentation allow-popups-to-escape-sandbox\"><\/iframe><\/span>\n<\/div><\/figure>\n\n\n\n<p>I prvi konferencijski dan (subota), kao i contributor day (drugi dan &#8211; nedelja) su na lokaciji Arke. Ceo kompleks je ogra\u0111en i oni koji \u017eele mogu doslovno da ponesu svoj \u0161ator i da prespavaju na lokaciji kampa. Mi smo obezbedili neku koli\u010dinu \u0161atora, za one koji nemaju, samo morate da nam unapred najavite da vam treba \u0161ator.<\/p>\n\n\n\n<h4 class=\"wp-block-heading\">Kako do nas<\/h4>\n\n\n\n<div class=\"googlemaps\">\n\t\t\t\t<iframe loading=\"lazy\" width=\"100\" height=\"50\" frameborder=\"0\" scrolling=\"no\" marginheight=\"0\" marginwidth=\"0\"  src=\"https:\/\/www.google.com\/maps\/embed?pb=!1m18!1m12!1m3!1d44593.554290191845!2d18.90968987909009!3d45.68902247910429!2m3!1f0!2f0!3f0!3m2!1i1024!2i768!4f13.1!3m3!1m2!1s0x475cc7f89f92dacb:0xb2c6fcd25a09ddcd!2sARK%20Liberland%20Village!5e0!3m2!1sbs!2srs!4v1680015742707!5m2!1sbs!2srs\"><\/iframe>\n\t\t\t<\/div>\n\n\n\n<h4 class=\"wp-block-heading\">Apatin<\/h4>\n\n\n\n<p>Op\u0161tina Apatin se nalazi na severozapadu Vojvodine (zapadna Ba\u010dka), na levoj obali reke Dunav.&nbsp; <strong>Apatin je povezan sa Somborom (16 km) regionalnim putem i dr\u017eavnom granicom sa Republikom Hrvatskom kod Bogojeva (35 km). Apatin je od Novog Sada udaljen 100 km, preko Od\u017eaka, i 120 km preko Vrbasa<\/strong>.<\/p>\n\n\n\n<p>Apatin tako\u0111e ima veoma <strong>bogatu kulturnu ba\u0161tinu<\/strong>. Grad je bio pod vla\u0161\u0107u mnogih naroda kroz istoriju, bio je deo Rimske, Ma\u0111arske, Austrijske i Turske imperije, \u0161to se manifestuje na arhitekturi i kulturi grada. <\/p>\n\n\n\n<p>Apatin je tako\u0111e veoma poznat po svojoj pivarskoj industriji jer u gradu nalazi fabrika Apatinska pivara.<\/p>\n\n\n\n<p>Da zaklju\u010dimo Apatin je <strong>veoma lep grad<\/strong> sa bogatom prirodnom i kulturnom ba\u0161tinom, koji je <strong>popularan me\u0111u turistima<\/strong> koji \u017eele da u\u017eivaju u prirodnim lepotama na obali Dunava.<\/p>\n\n\n\n<figure class=\"wp-block-embed is-type-video is-provider-youtube wp-block-embed-youtube wp-embed-aspect-16-9 wp-has-aspect-ratio\"><div class=\"wp-block-embed__wrapper\">\n<span class=\"embed-youtube\" style=\"text-align:center; display: block;\"><iframe loading=\"lazy\" class=\"youtube-player\" width=\"580\" height=\"327\" src=\"https:\/\/www.youtube.com\/embed\/uvlG5RIsy2w?version=3&#038;rel=1&#038;showsearch=0&#038;showinfo=1&#038;iv_load_policy=1&#038;fs=1&#038;hl=en-US&#038;autohide=2&#038;wmode=transparent\" allowfullscreen=\"true\" style=\"border:0;\" sandbox=\"allow-scripts allow-same-origin allow-popups allow-presentation allow-popups-to-escape-sandbox\"><\/iframe><\/span>\n<\/div><\/figure>\n\n\n\n<h4 class=\"wp-block-heading\">Galerija &#8211; Arka Liberland<\/h4>\n\n\n\n<div class=\"wp-block-jetpack-tiled-gallery alignwide is-style-rectangular\"><div class=\"tiled-gallery__gallery\"><div class=\"tiled-gallery__row\"><div class=\"tiled-gallery__col\" style=\"flex-basis:34.44357%\"><figure class=\"tiled-gallery__item\"><img decoding=\"async\" srcset=\"https:\/\/i2.wp.com\/apatin.wordcamp.org\/2023\/files\/2023\/03\/arka8.jpg?strip=info&#038;w=600&#038;ssl=1 600w,https:\/\/i2.wp.com\/apatin.wordcamp.org\/2023\/files\/2023\/03\/arka8.jpg?strip=info&#038;w=900&#038;ssl=1 900w\" alt=\"\" data-height=\"600\" data-id=\"460\" data-link=\"https:\/\/apatin.wordcamp.org\/2023\/location\/arka8\/\" data-url=\"https:\/\/apatin.wordcamp.org\/2023\/files\/2023\/03\/arka8.jpg\" data-width=\"900\" src=\"https:\/\/i2.wp.com\/apatin.wordcamp.org\/2023\/files\/2023\/03\/arka8.jpg?ssl=1\" data-amp-layout=\"responsive\" \/><\/figure><figure class=\"tiled-gallery__item\"><img decoding=\"async\" srcset=\"https:\/\/i0.wp.com\/apatin.wordcamp.org\/2023\/files\/2023\/03\/arka9.jpg?strip=info&#038;w=600&#038;ssl=1 600w,https:\/\/i0.wp.com\/apatin.wordcamp.org\/2023\/files\/2023\/03\/arka9.jpg?strip=info&#038;w=900&#038;ssl=1 900w,https:\/\/i0.wp.com\/apatin.wordcamp.org\/2023\/files\/2023\/03\/arka9.jpg?strip=info&#038;w=1000&#038;ssl=1 1000w\" alt=\"\" data-height=\"750\" data-id=\"483\" data-link=\"https:\/\/apatin.wordcamp.org\/2023\/lokacija\/arka9\/\" data-url=\"https:\/\/apatin.wordcamp.org\/2023\/files\/2023\/03\/arka9.jpg\" data-width=\"1000\" src=\"https:\/\/i0.wp.com\/apatin.wordcamp.org\/2023\/files\/2023\/03\/arka9.jpg?ssl=1\" data-amp-layout=\"responsive\" \/><\/figure><figure class=\"tiled-gallery__item\"><img decoding=\"async\" srcset=\"https:\/\/i1.wp.com\/apatin.wordcamp.org\/2023\/files\/2023\/03\/arka2.jpg?strip=info&#038;w=600&#038;ssl=1 600w,https:\/\/i1.wp.com\/apatin.wordcamp.org\/2023\/files\/2023\/03\/arka2.jpg?strip=info&#038;w=900&#038;ssl=1 900w,https:\/\/i1.wp.com\/apatin.wordcamp.org\/2023\/files\/2023\/03\/arka2.jpg?strip=info&#038;w=960&#038;ssl=1 960w\" alt=\"\" data-height=\"720\" data-id=\"456\" data-link=\"https:\/\/apatin.wordcamp.org\/2023\/location\/arka2\/\" data-url=\"https:\/\/apatin.wordcamp.org\/2023\/files\/2023\/03\/arka2.jpg\" data-width=\"960\" src=\"https:\/\/i1.wp.com\/apatin.wordcamp.org\/2023\/files\/2023\/03\/arka2.jpg?ssl=1\" data-amp-layout=\"responsive\" \/><\/figure><\/div><div class=\"tiled-gallery__col\" style=\"flex-basis:65.55643%\"><figure class=\"tiled-gallery__item\"><img decoding=\"async\" srcset=\"https:\/\/i1.wp.com\/apatin.wordcamp.org\/2023\/files\/2023\/03\/arka.jpg?strip=info&#038;w=600&#038;ssl=1 600w,https:\/\/i1.wp.com\/apatin.wordcamp.org\/2023\/files\/2023\/03\/arka.jpg?strip=info&#038;w=834&#038;ssl=1 834w\" alt=\"\" data-height=\"960\" data-id=\"453\" data-link=\"https:\/\/apatin.wordcamp.org\/2023\/location\/arka\/\" data-url=\"https:\/\/apatin.wordcamp.org\/2023\/files\/2023\/03\/arka.jpg\" data-width=\"834\" src=\"https:\/\/i1.wp.com\/apatin.wordcamp.org\/2023\/files\/2023\/03\/arka.jpg?ssl=1\" data-amp-layout=\"responsive\" \/><\/figure><\/div><\/div><div class=\"tiled-gallery__row\"><div class=\"tiled-gallery__col\" style=\"flex-basis:100.00000%\"><figure class=\"tiled-gallery__item\"><img decoding=\"async\" srcset=\"https:\/\/i1.wp.com\/apatin.wordcamp.org\/2023\/files\/2023\/03\/arka4.jpg?strip=info&#038;w=600&#038;ssl=1 600w,https:\/\/i1.wp.com\/apatin.wordcamp.org\/2023\/files\/2023\/03\/arka4.jpg?strip=info&#038;w=900&#038;ssl=1 900w\" alt=\"\" data-height=\"450\" data-id=\"458\" data-link=\"https:\/\/apatin.wordcamp.org\/2023\/location\/arka4\/\" data-url=\"https:\/\/apatin.wordcamp.org\/2023\/files\/2023\/03\/arka4.jpg\" data-width=\"900\" src=\"https:\/\/i1.wp.com\/apatin.wordcamp.org\/2023\/files\/2023\/03\/arka4.jpg?ssl=1\" data-amp-layout=\"responsive\" \/><\/figure><\/div><\/div><div class=\"tiled-gallery__row\"><div class=\"tiled-gallery__col\" style=\"flex-basis:66.81531%\"><figure class=\"tiled-gallery__item\"><img decoding=\"async\" srcset=\"https:\/\/i2.wp.com\/apatin.wordcamp.org\/2023\/files\/2023\/03\/arka7.jpg?strip=info&#038;w=600&#038;ssl=1 600w,https:\/\/i2.wp.com\/apatin.wordcamp.org\/2023\/files\/2023\/03\/arka7.jpg?strip=info&#038;w=900&#038;ssl=1 900w,https:\/\/i2.wp.com\/apatin.wordcamp.org\/2023\/files\/2023\/03\/arka7.jpg?strip=info&#038;w=960&#038;ssl=1 960w\" alt=\"\" data-height=\"720\" data-id=\"459\" data-link=\"https:\/\/apatin.wordcamp.org\/2023\/location\/arka7\/\" data-url=\"https:\/\/apatin.wordcamp.org\/2023\/files\/2023\/03\/arka7.jpg\" data-width=\"960\" src=\"https:\/\/i2.wp.com\/apatin.wordcamp.org\/2023\/files\/2023\/03\/arka7.jpg?ssl=1\" data-amp-layout=\"responsive\" \/><\/figure><\/div><div class=\"tiled-gallery__col\" style=\"flex-basis:33.18469%\"><figure class=\"tiled-gallery__item\"><img decoding=\"async\" srcset=\"https:\/\/i2.wp.com\/apatin.wordcamp.org\/2023\/files\/2023\/03\/arka10.jpg?strip=info&#038;w=600&#038;ssl=1 600w,https:\/\/i2.wp.com\/apatin.wordcamp.org\/2023\/files\/2023\/03\/arka10.jpg?strip=info&#038;w=900&#038;ssl=1 900w,https:\/\/i2.wp.com\/apatin.wordcamp.org\/2023\/files\/2023\/03\/arka10.jpg?strip=info&#038;w=1000&#038;ssl=1 1000w\" alt=\"\" data-height=\"750\" data-id=\"482\" data-link=\"https:\/\/apatin.wordcamp.org\/2023\/lokacija\/arka10\/\" data-url=\"https:\/\/apatin.wordcamp.org\/2023\/files\/2023\/03\/arka10.jpg\" data-width=\"1000\" src=\"https:\/\/i2.wp.com\/apatin.wordcamp.org\/2023\/files\/2023\/03\/arka10.jpg?ssl=1\" data-amp-layout=\"responsive\" \/><\/figure><figure class=\"tiled-gallery__item\"><img decoding=\"async\" srcset=\"https:\/\/i1.wp.com\/apatin.wordcamp.org\/2023\/files\/2023\/03\/arka3.jpg?strip=info&#038;w=600&#038;ssl=1 600w,https:\/\/i1.wp.com\/apatin.wordcamp.org\/2023\/files\/2023\/03\/arka3.jpg?strip=info&#038;w=900&#038;ssl=1 900w,https:\/\/i1.wp.com\/apatin.wordcamp.org\/2023\/files\/2023\/03\/arka3.jpg?strip=info&#038;w=1024&#038;ssl=1 1024w\" alt=\"\" data-height=\"768\" data-id=\"457\" data-link=\"https:\/\/apatin.wordcamp.org\/2023\/location\/arka3\/\" data-url=\"https:\/\/apatin.wordcamp.org\/2023\/files\/2023\/03\/arka3.jpg\" data-width=\"1024\" src=\"https:\/\/i1.wp.com\/apatin.wordcamp.org\/2023\/files\/2023\/03\/arka3.jpg?ssl=1\" data-amp-layout=\"responsive\" \/><\/figure><\/div><\/div><div class=\"tiled-gallery__row\"><div class=\"tiled-gallery__col\" style=\"flex-basis:50.00000%\"><figure class=\"tiled-gallery__item\"><img decoding=\"async\" srcset=\"https:\/\/i0.wp.com\/apatin.wordcamp.org\/2023\/files\/2023\/03\/arka5.jpg?strip=info&#038;w=600&#038;ssl=1 600w,https:\/\/i0.wp.com\/apatin.wordcamp.org\/2023\/files\/2023\/03\/arka5.jpg?strip=info&#038;w=900&#038;ssl=1 900w\" alt=\"\" data-height=\"675\" data-id=\"455\" data-link=\"https:\/\/apatin.wordcamp.org\/2023\/location\/arka5\/\" data-url=\"https:\/\/apatin.wordcamp.org\/2023\/files\/2023\/03\/arka5.jpg\" data-width=\"900\" src=\"https:\/\/i0.wp.com\/apatin.wordcamp.org\/2023\/files\/2023\/03\/arka5.jpg?ssl=1\" data-amp-layout=\"responsive\" \/><\/figure><\/div><div class=\"tiled-gallery__col\" style=\"flex-basis:50.00000%\"><figure class=\"tiled-gallery__item\"><img decoding=\"async\" srcset=\"https:\/\/i1.wp.com\/apatin.wordcamp.org\/2023\/files\/2023\/03\/arka6.jpg?strip=info&#038;w=600&#038;ssl=1 600w,https:\/\/i1.wp.com\/apatin.wordcamp.org\/2023\/files\/2023\/03\/arka6.jpg?strip=info&#038;w=900&#038;ssl=1 900w\" alt=\"\" data-height=\"675\" data-id=\"454\" data-link=\"https:\/\/apatin.wordcamp.org\/2023\/location\/arka6\/\" data-url=\"https:\/\/apatin.wordcamp.org\/2023\/files\/2023\/03\/arka6.jpg\" data-width=\"900\" src=\"https:\/\/i1.wp.com\/apatin.wordcamp.org\/2023\/files\/2023\/03\/arka6.jpg?ssl=1\" data-amp-layout=\"responsive\" \/><\/figure><\/div><\/div><\/div><\/div>\n","protected":false},"excerpt":{"rendered":"<p>Lokacija WordCamp-a je prelep kompleks izleti\u0161ta Arka Liberland Apatin. Pored glavnog objekta i sme\u0161tajnih kapaciteta gde \u0107e biti sme\u0161teni predava\u010di nalazi se jezero gde \u0107ete mo\u0107i da se opustite i u\u017eivate u zadivljuju\u0107oj lepoti rezervata prirode \u201cGornje Podunavlje\u201d. Pogledajte kako izgleda izleti\u0161te Arka Liberland I prvi konferencijski dan (subota), kao i contributor day (drugi dan [&hellip;]<\/p>\n","protected":false},"author":15505676,"featured_media":776,"parent":0,"menu_order":0,"comment_status":"closed","ping_status":"closed","template":"","meta":{"jetpack_post_was_ever_published":false,"footnotes":""},"class_list":["post-465","page","type-page","status-publish","has-post-thumbnail","hentry"],"jetpack_sharing_enabled":true,"_links":{"self":[{"href":"https:\/\/apatin.wordcamp.org\/2023\/wp-json\/wp\/v2\/pages\/465","targetHints":{"allow":["GET"]}}],"collection":[{"href":"https:\/\/apatin.wordcamp.org\/2023\/wp-json\/wp\/v2\/pages"}],"about":[{"href":"https:\/\/apatin.wordcamp.org\/2023\/wp-json\/wp\/v2\/types\/page"}],"author":[{"embeddable":true,"href":"https:\/\/apatin.wordcamp.org\/2023\/wp-json\/wp\/v2\/users\/15505676"}],"replies":[{"embeddable":true,"href":"https:\/\/apatin.wordcamp.org\/2023\/wp-json\/wp\/v2\/comments?post=465"}],"version-history":[{"count":22,"href":"https:\/\/apatin.wordcamp.org\/2023\/wp-json\/wp\/v2\/pages\/465\/revisions"}],"predecessor-version":[{"id":1539,"href":"https:\/\/apatin.wordcamp.org\/2023\/wp-json\/wp\/v2\/pages\/465\/revisions\/1539"}],"wp:featuredmedia":[{"embeddable":true,"href":"https:\/\/apatin.wordcamp.org\/2023\/wp-json\/wp\/v2\/media\/776"}],"wp:attachment":[{"href":"https:\/\/apatin.wordcamp.org\/2023\/wp-json\/wp\/v2\/media?parent=465"}],"curies":[{"name":"wp","href":"https:\/\/api.w.org\/{rel}","templated":true}]}}