{"id":197,"date":"2023-03-12T20:55:26","date_gmt":"2023-03-12T19:55:26","guid":{"rendered":"https:\/\/apatin.wordcamp.org\/2023\/?page_id=197"},"modified":"2023-03-29T13:52:37","modified_gmt":"2023-03-29T11:52:37","slug":"o-nama","status":"publish","type":"page","link":"https:\/\/apatin.wordcamp.org\/2023\/o-nama\/","title":{"rendered":"O nama"},"content":{"rendered":"\n<p><a href=\"https:\/\/www.facebook.com\/wpapatin\" data-type=\"URL\" data-id=\"https:\/\/www.facebook.com\/wpapatin\" target=\"_blank\" rel=\"noreferrer noopener\">Apatinska <strong>WordPress zajednica<\/strong><\/a> je interesantna jer je sam grad Apatin verovatno najmanji meetup grad u okviru <strong><a href=\"https:\/\/www.facebook.com\/groups\/613503768679500\" data-type=\"URL\" data-id=\"https:\/\/www.facebook.com\/groups\/613503768679500\" target=\"_blank\" rel=\"noreferrer noopener\">WordPress Srbija<\/a><\/strong> prostora. Uprkos tome ljudi dolaze kod nas na okupljanja (meetups) iz raznih delove Srbije.<\/p>\n\n\n\n<p>Po\u0161to je Apatin na severo &#8211; zapadu Ba\u010dke, na granici sa Hrvatskom i na krajem severu zemlje generalno trudimo se da naglasimo gostoprimstvo da bi nam do\u0161li predava\u010di, a i ljudi dolaze sa svih strana jer vole da se dru\u017ee sa nama i kao predava\u010di i kao gosti i posetioci meetupa. Stoga smo do\u0161li na ideju da pravimo i WordCamp &#8211; zapravo ljudi koji dolaze su to &#8220;izazvali&#8221;, a mi smo se &#8220;predali&#8221; tom slatkom poslu.<\/p>\n","protected":false},"excerpt":{"rendered":"<p>Apatinska WordPress zajednica je interesantna jer je sam grad Apatin verovatno najmanji meetup grad u okviru WordPress Srbija prostora. Uprkos tome ljudi dolaze kod nas na okupljanja (meetups) iz raznih delove Srbije. Po\u0161to je Apatin na severo &#8211; zapadu Ba\u010dke, na granici sa Hrvatskom i na krajem severu zemlje generalno trudimo se da naglasimo gostoprimstvo [&hellip;]<\/p>\n","protected":false},"author":15505676,"featured_media":647,"parent":0,"menu_order":0,"comment_status":"closed","ping_status":"closed","template":"","meta":{"jetpack_post_was_ever_published":false,"footnotes":""},"class_list":["post-197","page","type-page","status-publish","has-post-thumbnail","hentry"],"jetpack_sharing_enabled":true,"_links":{"self":[{"href":"https:\/\/apatin.wordcamp.org\/2023\/wp-json\/wp\/v2\/pages\/197","targetHints":{"allow":["GET"]}}],"collection":[{"href":"https:\/\/apatin.wordcamp.org\/2023\/wp-json\/wp\/v2\/pages"}],"about":[{"href":"https:\/\/apatin.wordcamp.org\/2023\/wp-json\/wp\/v2\/types\/page"}],"author":[{"embeddable":true,"href":"https:\/\/apatin.wordcamp.org\/2023\/wp-json\/wp\/v2\/users\/15505676"}],"replies":[{"embeddable":true,"href":"https:\/\/apatin.wordcamp.org\/2023\/wp-json\/wp\/v2\/comments?post=197"}],"version-history":[{"count":8,"href":"https:\/\/apatin.wordcamp.org\/2023\/wp-json\/wp\/v2\/pages\/197\/revisions"}],"predecessor-version":[{"id":772,"href":"https:\/\/apatin.wordcamp.org\/2023\/wp-json\/wp\/v2\/pages\/197\/revisions\/772"}],"wp:featuredmedia":[{"embeddable":true,"href":"https:\/\/apatin.wordcamp.org\/2023\/wp-json\/wp\/v2\/media\/647"}],"wp:attachment":[{"href":"https:\/\/apatin.wordcamp.org\/2023\/wp-json\/wp\/v2\/media?parent=197"}],"curies":[{"name":"wp","href":"https:\/\/api.w.org\/{rel}","templated":true}]}}