{"id":13,"date":"2023-04-18T12:35:03","date_gmt":"2023-04-18T10:35:03","guid":{"rendered":"https:\/\/apatin.wordcamp.org\/2023\/?page_id=13"},"modified":"2023-05-26T19:45:08","modified_gmt":"2023-05-26T17:45:08","slug":"prodaja-karata","status":"publish","type":"page","link":"https:\/\/apatin.wordcamp.org\/2023\/prodaja-karata\/","title":{"rendered":"Prodaja karata"},"content":{"rendered":"\n<p class=\"has-subtle-background-background-color has-background\">Kupovina karte za WordCamp Apatin obuhvata sve programe koji \u010dine konferenciju od predavanja, radionica, ulaska na After party kao i Contributor day (dan saradnika). Obezbe\u0111ena vam je hrana, razni pokloni, vo\u0107e, kafa&#8230;&#8230;<\/p>\n\n\n\n<p class=\"has-background-color has-secondary-background-color has-text-color has-background\">Cena karte je simboli\u010dna 0d <strong>2o dolara <\/strong>iz razloga pristupa\u010dnosti za sve, nije ni izbliza pravoj vrednosti koju dobijate kroz WordCamp i na tome se veoma zahvaljujemo na\u0161im <strong><a rel=\"noreferrer noopener\" href=\"https:\/\/apatin.wordcamp.org\/2023\/sponzori\/\" data-type=\"URL\" data-id=\"https:\/\/apatin.wordcamp.org\/2023\/sponzori\/\" target=\"_blank\">sponzorima<\/a><\/strong> jer bez njih to nebi bilo mogu\u0107e. Sam cilj WordPress zajednice u globalu je deljenje znanja kao i zdravijeg i boljeg veba. Poma\u017eemo vam da kroz na\u0161u lokalnu inicijativu prisustvujete IT doga\u0111aju visokog nivoa i to na veoma atraktivnoj <strong><a rel=\"noreferrer noopener\" href=\"https:\/\/apatin.wordcamp.org\/2023\/lokacija\/\" data-type=\"URL\" data-id=\"https:\/\/apatin.wordcamp.org\/2023\/lokacija\/\" target=\"_blank\">lokaciji<\/a><\/strong>.<\/p>\n\n\n\n<p class=\"has-primary-color has-subtle-background-background-color has-text-color has-background\">Karte se ne mogu refundirati. Ako niste u mogu\u0107nosti da pristustvujete, a kupili ste kartu, promenom detalja u\u010desnika na linku koji ste dobili na email nakon kupovine mo\u017eete da prosledite kartu nekom drugom.<\/p>\n\n\n\n<p><\/p>\n\n\n<a href=\"https:\/\/apatin.wordcamp.org\/2023\/prodaja-karata\/\">Please view this page in a browser to purchase or manage tickets.<\/a>\n","protected":false},"excerpt":{"rendered":"<p>Kupovina karte za WordCamp Apatin obuhvata sve programe koji \u010dine konferenciju od predavanja, radionica, ulaska na After party kao i Contributor day (dan saradnika). Obezbe\u0111ena vam je hrana, razni pokloni, vo\u0107e, kafa&#8230;&#8230; Cena karte je simboli\u010dna 0d 2o dolara iz razloga pristupa\u010dnosti za sve, nije ni izbliza pravoj vrednosti koju dobijate kroz WordCamp i na [&hellip;]<\/p>\n","protected":false},"author":15505676,"featured_media":978,"parent":0,"menu_order":0,"comment_status":"closed","ping_status":"closed","template":"templates\/template-full-width.php","meta":{"jetpack_post_was_ever_published":false,"footnotes":""},"class_list":["post-13","page","type-page","status-publish","has-post-thumbnail","hentry"],"jetpack_sharing_enabled":true,"_links":{"self":[{"href":"https:\/\/apatin.wordcamp.org\/2023\/wp-json\/wp\/v2\/pages\/13","targetHints":{"allow":["GET"]}}],"collection":[{"href":"https:\/\/apatin.wordcamp.org\/2023\/wp-json\/wp\/v2\/pages"}],"about":[{"href":"https:\/\/apatin.wordcamp.org\/2023\/wp-json\/wp\/v2\/types\/page"}],"author":[{"embeddable":true,"href":"https:\/\/apatin.wordcamp.org\/2023\/wp-json\/wp\/v2\/users\/15505676"}],"replies":[{"embeddable":true,"href":"https:\/\/apatin.wordcamp.org\/2023\/wp-json\/wp\/v2\/comments?post=13"}],"version-history":[{"count":14,"href":"https:\/\/apatin.wordcamp.org\/2023\/wp-json\/wp\/v2\/pages\/13\/revisions"}],"predecessor-version":[{"id":1032,"href":"https:\/\/apatin.wordcamp.org\/2023\/wp-json\/wp\/v2\/pages\/13\/revisions\/1032"}],"wp:featuredmedia":[{"embeddable":true,"href":"https:\/\/apatin.wordcamp.org\/2023\/wp-json\/wp\/v2\/media\/978"}],"wp:attachment":[{"href":"https:\/\/apatin.wordcamp.org\/2023\/wp-json\/wp\/v2\/media?parent=13"}],"curies":[{"name":"wp","href":"https:\/\/api.w.org\/{rel}","templated":true}]}}