{"id":12,"date":"2023-03-09T22:53:29","date_gmt":"2023-03-09T21:53:29","guid":{"rendered":"https:\/\/apatin.wordcamp.org\/2023\/organizers\/"},"modified":"2023-03-28T09:27:47","modified_gmt":"2023-03-28T07:27:47","slug":"organizatori","status":"publish","type":"page","link":"https:\/\/apatin.wordcamp.org\/2023\/organizatori\/","title":{"rendered":"Organizatori"},"content":{"rendered":"<ul class=\"wordcamp-block wordcamp-post-list has-layout-grid wordcamp-organizers has-grid-columns-2\"><li class=\"wordcamp-post-list__post wordcamp-clearfix\">\n<div class=\"wordcamp-organizer wordcamp-organizers__post slug-branko-repac\">\n\t<h3 class=\"wordcamp-block__item-title wordcamp-organizers__title\">Branko Repac<\/h3>\n\t\t\t<div class=\"wordcamp-image__avatar-container align-left\">\n\t\t\t<img loading=\"lazy\" decoding=\"async\" width=\"150\" height=\"150\" src=\"https:\/\/apatin.wordcamp.org\/2023\/files\/2023\/03\/brankorepac1-150x150.jpg\" class=\"attachment-150x150 size-150x150 wp-post-image\" alt=\"Avatar of Branko Repac\" srcset=\"https:\/\/apatin.wordcamp.org\/2023\/files\/2023\/03\/brankorepac1-150x150.jpg 150w, https:\/\/apatin.wordcamp.org\/2023\/files\/2023\/03\/brankorepac1-300x300.jpg 300w, https:\/\/apatin.wordcamp.org\/2023\/files\/2023\/03\/brankorepac1-768x769.jpg 768w, https:\/\/apatin.wordcamp.org\/2023\/files\/2023\/03\/brankorepac1.jpg 900w\" sizes=\"auto, (max-width: 150px) 100vw, 150px\" \/>\t\t<\/div>\n\t\n\t\t\t<div class=\"wordcamp-block__item-content wordcamp-organizers__content is-full\"><p><strong><em><a href=\"https:\/\/apatin.wordcamp.org\/2023\/organizer\/branko-repac\/\">Branko Repac<\/a><\/em><\/strong>, freelancer, grafi\u010dki dizajner, prepress tehni\u010dar. <\/p>\n<p>Skretanje ka web tehnologijama je bilo neminovno, zadnje 3 godine se bavim front-end developmentom i izradom web sajtova. Zaljubljenik u Sass i Grid. <\/p>\n<p>WordPress developmentom se bavim zadnjih godinu dana.<\/p>\n<\/div>\t<\/div>\n\n<\/li><li class=\"wordcamp-post-list__post wordcamp-clearfix\">\n<div class=\"wordcamp-organizer wordcamp-organizers__post slug-goran-petrovic\">\n\t<h3 class=\"wordcamp-block__item-title wordcamp-organizers__title\">Goran Petrovi\u0107<\/h3>\n\t\t\t<div class=\"wordcamp-image__avatar-container align-left\">\n\t\t\t<img loading=\"lazy\" decoding=\"async\" width=\"150\" height=\"150\" src=\"https:\/\/apatin.wordcamp.org\/2023\/files\/2023\/03\/avatar_goran-150x150.jpg\" class=\"attachment-150x150 size-150x150 wp-post-image\" alt=\"Avatar of Goran Petrovi\u0107\" srcset=\"https:\/\/apatin.wordcamp.org\/2023\/files\/2023\/03\/avatar_goran-150x150.jpg 150w, https:\/\/apatin.wordcamp.org\/2023\/files\/2023\/03\/avatar_goran-300x300.jpg 300w, https:\/\/apatin.wordcamp.org\/2023\/files\/2023\/03\/avatar_goran.jpg 320w\" sizes=\"auto, (max-width: 150px) 100vw, 150px\" \/>\t\t<\/div>\n\t\n\t\t\t<div class=\"wordcamp-block__item-content wordcamp-organizers__content is-full\"><p><strong><em><a href=\"https:\/\/apatin.wordcamp.org\/2023\/organizer\/goran-petrovic\/\" data-type=\"URL\" data-id=\"https:\/\/apatin.wordcamp.org\/2023\/organizer\/goran-petrovic\/\">Goran Petrovic<\/a><\/em><\/strong> je strastveni zaljubljenik u WordPress, koji koristi ovu platformu ve\u0107 nekoliko godina. On ima duboko znanje o WordPress-u i voli istra\u017eivati njegove razli\u010dite funkcije i mogu\u0107nosti.<\/p>\n<p>U slobodno vreme, Goran u\u017eiva u eksperimentiranju sa WordPress temama i pluginovima, te uvek tra\u017ei nove i inovativne na\u010dine prilago\u0111avanja i pobolj\u0161anja svoje web stranice. Posebno ga zanimaju najnoviji trendovi i razvoji u WordPress zajednici, te voli deliti svoje znanje i uvide s drugima.<\/p>\n<p>Generalno, Goran je posve\u0107eni i stru\u010dni korisnik WordPress-a koji se ponosi svojim radom i uvijek te\u017ei pobolj\u0161anju svojih vje\u0161tina i ekspertize. Bez obzira radi li se o izgradnji nove web stranice od nule ili prilago\u0111avanju postoje\u0107e, pristupa svakom projektu s entuzijazmom i dubokom predano\u0161\u0107u pru\u017eanju najboljih mogu\u0107ih rezultata.<\/p>\n<\/div>\t<\/div>\n\n<\/li><li class=\"wordcamp-post-list__post wordcamp-clearfix\">\n<div class=\"wordcamp-organizer wordcamp-organizers__post slug-igor-elez\">\n\t<h3 class=\"wordcamp-block__item-title wordcamp-organizers__title\">Igor Elez<\/h3>\n\t\t\t<div class=\"wordcamp-image__avatar-container align-left\">\n\t\t\t<img loading=\"lazy\" decoding=\"async\" width=\"150\" height=\"150\" src=\"https:\/\/apatin.wordcamp.org\/2023\/files\/2023\/03\/igorelez-150x150.jpg\" class=\"attachment-150x150 size-150x150 wp-post-image\" alt=\"Avatar of Igor Elez\" srcset=\"https:\/\/apatin.wordcamp.org\/2023\/files\/2023\/03\/igorelez-150x150.jpg 150w, https:\/\/apatin.wordcamp.org\/2023\/files\/2023\/03\/igorelez-300x300.jpg 300w, https:\/\/apatin.wordcamp.org\/2023\/files\/2023\/03\/igorelez-768x768.jpg 768w, https:\/\/apatin.wordcamp.org\/2023\/files\/2023\/03\/igorelez.jpg 900w\" sizes=\"auto, (max-width: 150px) 100vw, 150px\" \/>\t\t<\/div>\n\t\n\t\t\t<div class=\"wordcamp-block__item-content wordcamp-organizers__content is-full\"><p><a href=\"https:\/\/apatin.wordcamp.org\/2023\/organizer\/igor-elez\/\" data-type=\"URL\" data-id=\"https:\/\/apatin.wordcamp.org\/2023\/organizer\/igor-elez\/\"><strong><em>Igor Elez<\/em><\/strong><\/a>, strastveni web kreator i Elementorov PR stru\u010dnjak sa izra\u017eenim ve\u0161tinama komunikacije i slu\u0161anja. Veliki sam fan filmova nau\u010dne fantastike, tehnolo\u0161kih inovacija, logi\u010dkog razmi\u0161ljanja, nind\u017ea kornja\u010da, dru\u017eenja i vo\u017enje bicikla.<\/p>\n<p>Svoje prve korake u svetu web dizajna napravio sam pre vi\u0161e od deset godina na Matemati\u010dkom Fakultetu, gde sam otkrio WordPress kao jednostavan alat za izradu sajtova za prijatelje. Smatraju\u0107i to samo hobijem, radio sam na Malti, na kruzeru, u Irskoj i u NCR-u. Me\u0111utim, sa po\u010detkom pandemije, fokusirao sam se na izradu e-commerce sajtova, \u0161to mi je donelo priliku da se pridru\u017eim Elementoru.<\/p>\n<p>Od novembra 2020. godine, zaposlen sam u <a href=\"https:\/\/elementor.com\/\" target=\"_blank\" rel=\"noreferrer noopener nofollow\">Elementoru<\/a> gde trenutno radim kao PR specijalista za korisni\u010dko iskustvo, i trudim se da pru\u017eim najbolju podr\u0161ku na\u0161im korisnicima.<\/p>\n<\/div>\t<\/div>\n\n<\/li><li class=\"wordcamp-post-list__post wordcamp-clearfix\">\n<div class=\"wordcamp-organizer wordcamp-organizers__post slug-miric-goran\">\n\t<h3 class=\"wordcamp-block__item-title wordcamp-organizers__title\">Miri\u0107 Goran<\/h3>\n\t\t\t<div class=\"wordcamp-image__avatar-container align-left\">\n\t\t\t<img loading=\"lazy\" decoding=\"async\" width=\"150\" height=\"150\" src=\"https:\/\/apatin.wordcamp.org\/2023\/files\/2023\/03\/goran_miric-150x150.jpg\" class=\"attachment-150x150 size-150x150 wp-post-image\" alt=\"Avatar of Miri\u0107 Goran\" \/>\t\t<\/div>\n\t\n\t\t\t<div class=\"wordcamp-block__item-content wordcamp-organizers__content is-full\"><p><strong><em><a href=\"https:\/\/apatin.wordcamp.org\/2023\/organizer\/miric-goran\/\" data-type=\"URL\" data-id=\"https:\/\/apatin.wordcamp.org\/2023\/organizer\/miric-goran\/\">Goran Miri\u0107<\/a><\/em><\/strong>, profesor informatike i ra\u010dunarstva, dugogodi\u0161nji zaljubljenik u Web programiranje, ali ipak sam se na\u0161ao u poslu nastavnika u <a rel=\"noreferrer noopener\" href=\"https:\/\/www.zarko.edu.rs\/\" data-type=\"URL\" data-id=\"https:\/\/www.zarko.edu.rs\/\" target=\"_blank\">osnovnoj \u0161koli u Apatinu<\/a>. <\/p>\n<p>Zaljubljenik u prirodu, ribolovac od malih nogu i ve\u010diti zaljubljenik u rezervat prirode Gornje Podunavlje.<\/p>\n<\/div>\t<\/div>\n\n<\/li><li class=\"wordcamp-post-list__post wordcamp-clearfix\">\n<div class=\"wordcamp-organizer wordcamp-organizers__post slug-slavisa-dekan\">\n\t<h3 class=\"wordcamp-block__item-title wordcamp-organizers__title\">Slavi\u0161a Dekan<\/h3>\n\t\t\t<div class=\"wordcamp-image__avatar-container align-left\">\n\t\t\t<img loading=\"lazy\" decoding=\"async\" width=\"150\" height=\"150\" src=\"https:\/\/apatin.wordcamp.org\/2023\/files\/2023\/03\/viber_slika_2023-03-25_12-43-11-274-150x150.jpg\" class=\"attachment-150x150 size-150x150 wp-post-image\" alt=\"Avatar of Slavi\u0161a Dekan\" \/>\t\t<\/div>\n\t\n\t\t\t<div class=\"wordcamp-block__item-content wordcamp-organizers__content is-full\"><p><strong><em><a href=\"https:\/\/apatin.wordcamp.org\/2023\/organizer\/slavisa-dekan\/\" data-type=\"URL\" data-id=\"https:\/\/apatin.wordcamp.org\/2023\/organizer\/slavisa-dekan\/\">Slavi\u0161a Dekan<\/a><\/em><\/strong>, profesor engleskog jezika i prevodilac. Zaposlen sam u <a rel=\"noreferrer noopener\" href=\"https:\/\/www.zarko.edu.rs\/\" data-type=\"URL\" data-id=\"https:\/\/www.zarko.edu.rs\/\" target=\"_blank\">osnovnoj \u0161koli<\/a> a popodne radim prevode i dr\u017eim kurseve engleskog jezika u\u017eivo i online. <\/p>\n<p>Zainteresovan sam za web programiranje i mogu\u0107nosti online okru\u017eenja. Ravnote\u017eu izme\u0111u rada i slobodnog vremena odr\u017eavam boravkom u prirodi u na\u0161em rezervatu prirode Gornje Podunavlje i ribolovom na reci Dunav.<\/p>\n<\/div>\t<\/div>\n\n<\/li><li class=\"wordcamp-post-list__post wordcamp-clearfix\">\n<div class=\"wordcamp-organizer wordcamp-organizers__post slug-slobodan-miric\">\n\t<h3 class=\"wordcamp-block__item-title wordcamp-organizers__title\">Slobodan Miri\u0107<\/h3>\n\t\t\t<div class=\"wordcamp-image__avatar-container align-left\">\n\t\t\t<img loading=\"lazy\" decoding=\"async\" width=\"150\" height=\"150\" src=\"https:\/\/apatin.wordcamp.org\/2023\/files\/2023\/03\/slobodan-miric-150x150.jpg\" class=\"attachment-150x150 size-150x150 wp-post-image\" alt=\"Avatar of Slobodan Miri\u0107\" srcset=\"https:\/\/apatin.wordcamp.org\/2023\/files\/2023\/03\/slobodan-miric-150x150.jpg 150w, https:\/\/apatin.wordcamp.org\/2023\/files\/2023\/03\/slobodan-miric-300x300.jpg 300w, https:\/\/apatin.wordcamp.org\/2023\/files\/2023\/03\/slobodan-miric-768x768.jpg 768w, https:\/\/apatin.wordcamp.org\/2023\/files\/2023\/03\/slobodan-miric.jpg 1000w\" sizes=\"auto, (max-width: 150px) 100vw, 150px\" \/>\t\t<\/div>\n\t\n\t\t\t<div class=\"wordcamp-block__item-content wordcamp-organizers__content is-full\"><p><strong><em><a href=\"https:\/\/apatin.wordcamp.org\/2023\/organizer\/slobodan-miric\/\" data-type=\"URL\" data-id=\"https:\/\/apatin.wordcamp.org\/2023\/organizer\/slobodan-miric\/\">Slobodan Miri\u0107<\/a> <\/em><\/strong>\u2013 fullstack developer iz Novog Sada, ali i posle \u010detvt veka odsustva iz svoje dunavske oaze, apatinac u srcu i du\u0161i. <\/p>\n<p>Najvi\u0161e voli muziku i programiranje. <\/p>\n<p>Doma\u0107in je apatinskih WordPres okupljanja, bavi ze izradom veb sajtova i aplikacija kao i edukacijom \u2013  veb dizajn i programiranje u svojoj <a rel=\"noreferrer noopener\" href=\"https:\/\/websitesworkshop.com\/\" data-type=\"URL\" data-id=\"https:\/\/websitesworkshop.com\/\" target=\"_blank\">websitesworkshop.com<\/a> radionici. Pi\u0161e (i snima) svoj dnevnik \u2013 Dnevnik jednog programera \u2013 na internet lokaciji <a href=\"https:\/\/slobodanmiric.in.rs\/\" data-type=\"URL\" data-id=\"https:\/\/slobodanmiric.in.rs\/\" target=\"_blank\" rel=\"noreferrer noopener\">slobodanmiric.in.rs<\/a>.<\/p>\n<\/div>\t<\/div>\n\n<\/li><\/ul>","protected":false},"excerpt":{"rendered":"","protected":false},"author":15505676,"featured_media":0,"parent":0,"menu_order":0,"comment_status":"closed","ping_status":"closed","template":"templates\/template-full-width.php","meta":{"jetpack_post_was_ever_published":false,"footnotes":""},"class_list":["post-12","page","type-page","status-publish","hentry"],"jetpack_sharing_enabled":true,"_links":{"self":[{"href":"https:\/\/apatin.wordcamp.org\/2023\/wp-json\/wp\/v2\/pages\/12","targetHints":{"allow":["GET"]}}],"collection":[{"href":"https:\/\/apatin.wordcamp.org\/2023\/wp-json\/wp\/v2\/pages"}],"about":[{"href":"https:\/\/apatin.wordcamp.org\/2023\/wp-json\/wp\/v2\/types\/page"}],"author":[{"embeddable":true,"href":"https:\/\/apatin.wordcamp.org\/2023\/wp-json\/wp\/v2\/users\/15505676"}],"replies":[{"embeddable":true,"href":"https:\/\/apatin.wordcamp.org\/2023\/wp-json\/wp\/v2\/comments?post=12"}],"version-history":[{"count":8,"href":"https:\/\/apatin.wordcamp.org\/2023\/wp-json\/wp\/v2\/pages\/12\/revisions"}],"predecessor-version":[{"id":438,"href":"https:\/\/apatin.wordcamp.org\/2023\/wp-json\/wp\/v2\/pages\/12\/revisions\/438"}],"wp:attachment":[{"href":"https:\/\/apatin.wordcamp.org\/2023\/wp-json\/wp\/v2\/media?parent=12"}],"curies":[{"name":"wp","href":"https:\/\/api.w.org\/{rel}","templated":true}]}}